{"id":1424,"date":"2024-01-10T09:58:53","date_gmt":"2024-01-10T08:58:53","guid":{"rendered":"https:\/\/www.univ-chlef.dz\/fm\/?page_id=1424"},"modified":"2025-01-07T09:18:40","modified_gmt":"2025-01-07T08:18:40","slug":"accueil-test","status":"publish","type":"page","link":"https:\/\/fm.univ-chlef.dz\/","title":{"rendered":"ACCUEIL-TEST"},"content":{"rendered":"\t\t<div data-elementor-type=\"wp-page\" data-elementor-id=\"1424\" class=\"elementor elementor-1424\">\n\t\t\t\t<div class=\"elementor-element elementor-element-bf28dbd e-grid e-con-boxed e-con e-parent\" data-id=\"bf28dbd\" data-element_type=\"container\">\n\t\t\t\t\t<div class=\"e-con-inner\">\n\t\t\t\t<div class=\"elementor-element elementor-element-268afc3 elementor-widget elementor-widget-ucaddon_blox_line_text_divider\" data-id=\"268afc3\" data-element_type=\"widget\" data-widget_type=\"ucaddon_blox_line_text_divider.default\">\n\t\t\t\t<div class=\"elementor-widget-container\">\n\t\t\t\t\t\n<!-- start Line Text Divider -->\n<style>\/* widget: Line Text Divider *\/\n\n#uc_blox_line_text_divider_elementor_268afc3 div.blox_hr\n{\n  display:inline-block;\n  width:100%;\n  background-color: #4466FF;\n  height:1px;\n}\n#uc_blox_line_text_divider_elementor_268afc3 div.blox_hr_txt\n{\n  display: inline-block;\n  position: relative;\n  margin: 0;\n  padding: 5px 10px;\n  border: 1px solid #4466FF;\n  transform: translateX(-50%);\n  transform: translateY(-50%);\n  color: #4466FF;\n  text-align: center;\n  background-color: #fff;\n}\n\n<\/style>\n\n<div id=\"uc_blox_line_text_divider_elementor_268afc3\" style=\"text-align:center;\">\n  <div class=\"blox_hr\"><div class=\"blox_hr_txt\"><span  class=\"uc_style_blox_line_text_divider_elementor_text\" style=\"color:#008888;\">LE MOT DU RESPONSABLE PEDAGOGIQUE DE L\u2019ANNEXE DE MEDECINE<\/span><\/div><\/div>\n<\/div>\n<!-- end Line Text Divider -->\t\t\t\t<\/div>\n\t\t\t\t<\/div>\n\t\t\t\t<div class=\"elementor-element elementor-element-303aacd elementor-widget elementor-widget-ucaddon_post_blocks\" data-id=\"303aacd\" data-element_type=\"widget\" data-widget_type=\"ucaddon_post_blocks.default\">\n\t\t\t\t<div class=\"elementor-widget-container\">\n\t\t\t\t\t\n<!-- start Post Blocks -->\n\t\t<link id='font-awesome-css' href='https:\/\/fm.univ-chlef.dz\/wp-content\/plugins\/unlimited-elements-for-elementor\/assets_libraries\/font-awesome6\/fontawesome-all.min.css' type='text\/css' rel='stylesheet' >\n\t\t<link id='font-awesome-4-shim-css' href='https:\/\/fm.univ-chlef.dz\/wp-content\/plugins\/unlimited-elements-for-elementor\/assets_libraries\/font-awesome6\/fontawesome-v4-shims.min.css' type='text\/css' rel='stylesheet' >\n\n<style>\/* widget: Post Blocks *\/\n\n\n\n#uc_post_blocks_elementor_303aacd {\n    display:grid;\n}\n#uc_post_blocks_elementor_303aacd .ue_post_blocks_box\n{\n  overflow:hidden;\n}\n\n#uc_post_blocks_elementor_303aacd .ue_post_blocks_image\n{\n  overflow:hidden;\n}\n#uc_post_blocks_elementor_303aacd .ue_post_blocks_image img\n{\n  width:100%;\n  display:block;\n}\n#uc_post_blocks_elementor_303aacd .ue_post_blocks_link a\n{\n  display:inline-block;\n  text-decoration:none;\n  text-align:center;\n}\n\n\n#uc_post_blocks_elementor_303aacd .ue-grid-item-meta-data\n{\n  display:inlin-flex;\n  flex-wrap: wrap;\n}\n\n.ue-grid-item-meta-data\n{\n  font-size:12px;\n}\n\n#uc_post_blocks_elementor_303aacd .ue-grid-item-meta-data-icon\n{\n  line-height:1em;\n}\n\n#uc_post_blocks_elementor_303aacd .ue-grid-item-meta-data-icon svg\n{\n  width:1em;\n  height:1em;\n}\n\n#uc_post_blocks_elementor_303aacd .ue_post_blocks_box{\n  display: flex;\n  flex-direction: column;\n}\n#uc_post_blocks_elementor_303aacd .ue_post_blocks_content{\n display: flex; flex-grow: 1;\n flex-direction: column;\n}\n#uc_post_blocks_elementor_303aacd .ue_post_blocks_link{ margin-top: auto;\n}\n\n.ue-grid-item-category a\n{\n  display:inline-block;\n  font-size:10px;\n  text-transform:uppercase;\n}\n\n\n\n\n<\/style>\n\n<div id=\"uc_post_blocks_elementor_303aacd\" class=\"ue_post_blocks uc-items-wrapper \" >\n    <div class=\"ue_post_blocks_box\">\n    <div class=\"ue_post_blocks_content\">\n      \n     \n         \n    <div class=\"ue_post_blocks_title\"><a href=\"https:\/\/fm.univ-chlef.dz\/?p=1766\">LE MOT DU RESPONSABLE PEDAGOGIQUE DE L\u2019ANNEXE DE MEDECINE<\/a><\/div>    \n              <div class=\"ue-grid-item-meta-data\">\n            <div class=\"ue-grid-item-meta-data-date\"><span class=\"ue-grid-item-meta-data-icon\"><i class='fas fa-calendar-week'><\/i><\/span> 04 janvier 25<\/div>                    \t  \n    \t<\/div>\n         \n    \n          <\/div>\n<\/div>\n\n<\/div>\n<!-- end Post Blocks -->\t\t\t\t<\/div>\n\t\t\t\t<\/div>\n\t\t\t\t\t<\/div>\n\t\t\t\t<\/div>\n\t\t<div class=\"elementor-element elementor-element-3a86b83 e-flex e-con-boxed e-con e-parent\" data-id=\"3a86b83\" data-element_type=\"container\">\n\t\t\t\t\t<div class=\"e-con-inner\">\n\t\t\t\t<div class=\"elementor-element elementor-element-4400a74 elementor-widget elementor-widget-ucaddon_blox_line_text_divider\" data-id=\"4400a74\" data-element_type=\"widget\" data-widget_type=\"ucaddon_blox_line_text_divider.default\">\n\t\t\t\t<div class=\"elementor-widget-container\">\n\t\t\t\t\t\n<!-- start Line Text Divider -->\n<style>\/* widget: Line Text Divider *\/\n\n#uc_blox_line_text_divider_elementor_4400a74 div.blox_hr\n{\n  display:inline-block;\n  width:100%;\n  background-color: #4466FF;\n  height:1px;\n}\n#uc_blox_line_text_divider_elementor_4400a74 div.blox_hr_txt\n{\n  display: inline-block;\n  position: relative;\n  margin: 0;\n  padding: 5px 10px;\n  border: 1px solid #4466FF;\n  transform: translateX(-50%);\n  transform: translateY(-50%);\n  color: #4466FF;\n  text-align: center;\n  background-color: #fff;\n}\n\n<\/style>\n\n<div id=\"uc_blox_line_text_divider_elementor_4400a74\" style=\"text-align:center;\">\n  <div class=\"blox_hr\"><div class=\"blox_hr_txt\"><span  class=\"uc_style_blox_line_text_divider_elementor_text\" style=\"color:#008888;\">ACTUALITES<\/span><\/div><\/div>\n<\/div>\n<!-- end Line Text Divider -->\t\t\t\t<\/div>\n\t\t\t\t<\/div>\n\t\t\t\t<div class=\"elementor-element elementor-element-dae5114 elementor-widget elementor-widget-ucaddon_post_blocks\" data-id=\"dae5114\" data-element_type=\"widget\" data-widget_type=\"ucaddon_post_blocks.default\">\n\t\t\t\t<div class=\"elementor-widget-container\">\n\t\t\t\t\t\n<!-- start Post Blocks -->\n\n<style>\/* widget: Post Blocks *\/\n\n\n\n#uc_post_blocks_elementor_dae5114 {\n    display:grid;\n}\n#uc_post_blocks_elementor_dae5114 .ue_post_blocks_box\n{\n  overflow:hidden;\n}\n\n#uc_post_blocks_elementor_dae5114 .ue_post_blocks_image\n{\n  overflow:hidden;\n}\n#uc_post_blocks_elementor_dae5114 .ue_post_blocks_image img\n{\n  width:100%;\n  display:block;\n}\n#uc_post_blocks_elementor_dae5114 .ue_post_blocks_link a\n{\n  display:inline-block;\n  text-decoration:none;\n  text-align:center;\n}\n\n\n#uc_post_blocks_elementor_dae5114 .ue-grid-item-meta-data\n{\n  display:inlin-flex;\n  flex-wrap: wrap;\n}\n\n.ue-grid-item-meta-data\n{\n  font-size:12px;\n}\n\n#uc_post_blocks_elementor_dae5114 .ue-grid-item-meta-data-icon\n{\n  line-height:1em;\n}\n\n#uc_post_blocks_elementor_dae5114 .ue-grid-item-meta-data-icon svg\n{\n  width:1em;\n  height:1em;\n}\n\n#uc_post_blocks_elementor_dae5114 .ue_post_blocks_box{\n  display: flex;\n  flex-direction: column;\n}\n#uc_post_blocks_elementor_dae5114 .ue_post_blocks_content{\n display: flex; flex-grow: 1;\n flex-direction: column;\n}\n#uc_post_blocks_elementor_dae5114 .ue_post_blocks_link{ margin-top: auto;\n}\n\n.ue-grid-item-category a\n{\n  display:inline-block;\n  font-size:10px;\n  text-transform:uppercase;\n}\n\n\n\n\n<\/style>\n\n<div id=\"uc_post_blocks_elementor_dae5114\" class=\"ue_post_blocks uc-items-wrapper \" >\n    <div class=\"ue_post_blocks_box\">\n    <div class=\"ue_post_blocks_content\">\n      \n     \n         \n    <div class=\"ue_post_blocks_title\"><a href=\"https:\/\/fm.univ-chlef.dz\/?p=2070\">\u0641\u062a\u062d \u0627\u0644\u062a\u0631\u0634\u062d \u0644\u062a\u062c\u062f\u064a\u062f \u0639\u0636\u0648\u064a\u0629 \u0644\u062c\u0646\u0629 \u0627\u0644\u062e\u062f\u0645\u0627\u062a \u0627\u0644\u0625\u062c\u062a\u0645\u0627\u0639\u064a\u0629 \u0644\u062c\u0627\u0645\u0639\u0629 \u0627\u0644\u0634\u0644\u0641<\/a><\/div>    \n              <div class=\"ue-grid-item-meta-data\">\n            <div class=\"ue-grid-item-meta-data-date\"><span class=\"ue-grid-item-meta-data-icon\"><i class='fas fa-calendar-week'><\/i><\/span> 25 novembre 25<\/div>                    \t  \n    \t<\/div>\n         \n    \n          <\/div>\n<\/div>\n<div class=\"ue_post_blocks_box\">\n    <div class=\"ue_post_blocks_content\">\n      \n     \n         \n    <div class=\"ue_post_blocks_title\"><a href=\"https:\/\/fm.univ-chlef.dz\/?p=2079\">\u062d\u0645\u0644\u0629 \u062a\u0634\u062c\u064a\u0631 \u0639\u0644\u0649 \u0645\u0633\u062a\u0648\u0649 \u0645\u0644\u062d\u0642\u0629 \u0643\u0644\u064a\u0629 \u0627\u0644\u0637\u0628<\/a><\/div>    \n              <div class=\"ue-grid-item-meta-data\">\n            <div class=\"ue-grid-item-meta-data-date\"><span class=\"ue-grid-item-meta-data-icon\"><i class='fas fa-calendar-week'><\/i><\/span> 24 novembre 25<\/div>                    \t  \n    \t<\/div>\n         \n    \n          <\/div>\n<\/div>\n<div class=\"ue_post_blocks_box\">\n    <div class=\"ue_post_blocks_content\">\n      \n     \n         \n    <div class=\"ue_post_blocks_title\"><a href=\"https:\/\/fm.univ-chlef.dz\/?p=2037\">\u0623\u0643\u062a\u0648\u0628\u0631 \u0627\u0644\u0648\u0631\u062f\u064a - \u0627\u0644\u0634\u0647\u0631 \u0627\u0644\u0639\u0627\u0644\u0645\u064a \u0644\u0644\u062a\u0648\u0639\u064a\u0629 \u062d\u0648\u0644 \u0633\u0631\u0637\u0627\u0646 \u0627\u0644\u062b\u062f\u064a<\/a><\/div>    \n              <div class=\"ue-grid-item-meta-data\">\n            <div class=\"ue-grid-item-meta-data-date\"><span class=\"ue-grid-item-meta-data-icon\"><i class='fas fa-calendar-week'><\/i><\/span> 20 octobre 25<\/div>                    \t  \n    \t<\/div>\n         \n    \n          <\/div>\n<\/div>\n<div class=\"ue_post_blocks_box\">\n    <div class=\"ue_post_blocks_content\">\n      \n     \n         \n    <div class=\"ue_post_blocks_title\"><a href=\"https:\/\/fm.univ-chlef.dz\/?p=2030\">\u0627\u0644\u0637\u0628\u0639\u0629 \u0627\u0644\u062b\u0627\u0646\u064a\u0629 \u0644\u0644\u0645\u0633\u0627\u0628\u0642\u0629 \u0627\u0644\u0648\u0637\u0646\u064a\u0629 \u0627\u0644\u062c\u0627\u0645\u0639\u064a\u0629\u00a0 \u0644\u0635\u0646\u0627\u0639\u0629 \u0627\u0644\u0645\u062d\u062a\u0648\u0649 \u0627\u0644\u0627\u064a\u062c\u0627\u0628\u064a<\/a><\/div>    \n              <div class=\"ue-grid-item-meta-data\">\n            <div class=\"ue-grid-item-meta-data-date\"><span class=\"ue-grid-item-meta-data-icon\"><i class='fas fa-calendar-week'><\/i><\/span> 19 octobre 25<\/div>                    \t  \n    \t<\/div>\n         \n    \n          <\/div>\n<\/div>\n\n<\/div>\n<!-- end Post Blocks -->\t\t\t\t<\/div>\n\t\t\t\t<\/div>\n\t\t\t\t\t<\/div>\n\t\t\t\t<\/div>\n\t\t<div class=\"elementor-element elementor-element-48df6cd e-flex e-con-boxed e-con e-parent\" data-id=\"48df6cd\" data-element_type=\"container\">\n\t\t\t\t\t<div class=\"e-con-inner\">\n\t\t\t\t<div class=\"elementor-element elementor-element-bf6999c elementor-widget elementor-widget-ucaddon_blox_line_text_divider\" data-id=\"bf6999c\" data-element_type=\"widget\" data-widget_type=\"ucaddon_blox_line_text_divider.default\">\n\t\t\t\t<div class=\"elementor-widget-container\">\n\t\t\t\t\t\n<!-- start Line Text Divider -->\n<style>\/* widget: Line Text Divider *\/\n\n#uc_blox_line_text_divider_elementor_bf6999c div.blox_hr\n{\n  display:inline-block;\n  width:100%;\n  background-color: #4466FF;\n  height:1px;\n}\n#uc_blox_line_text_divider_elementor_bf6999c div.blox_hr_txt\n{\n  display: inline-block;\n  position: relative;\n  margin: 0;\n  padding: 5px 10px;\n  border: 1px solid #4466FF;\n  transform: translateX(-50%);\n  transform: translateY(-50%);\n  color: #4466FF;\n  text-align: center;\n  background-color: #fff;\n}\n\n<\/style>\n\n<div id=\"uc_blox_line_text_divider_elementor_bf6999c\" style=\"text-align:center;\">\n  <div class=\"blox_hr\"><div class=\"blox_hr_txt\"><span  class=\"uc_style_blox_line_text_divider_elementor_text\" style=\"color:#008888;\">EMPLOI DU TEMPS<\/span><\/div><\/div>\n<\/div>\n<!-- end Line Text Divider -->\t\t\t\t<\/div>\n\t\t\t\t<\/div>\n\t\t\t\t<div class=\"elementor-element elementor-element-799dfaf elementor-widget elementor-widget-ucaddon_post_blocks\" data-id=\"799dfaf\" data-element_type=\"widget\" data-widget_type=\"ucaddon_post_blocks.default\">\n\t\t\t\t<div class=\"elementor-widget-container\">\n\t\t\t\t\t\n<!-- start Post Blocks -->\n\n<style>\/* widget: Post Blocks *\/\n\n\n\n#uc_post_blocks_elementor_799dfaf {\n    display:grid;\n}\n#uc_post_blocks_elementor_799dfaf .ue_post_blocks_box\n{\n  overflow:hidden;\n}\n\n#uc_post_blocks_elementor_799dfaf .ue_post_blocks_image\n{\n  overflow:hidden;\n}\n#uc_post_blocks_elementor_799dfaf .ue_post_blocks_image img\n{\n  width:100%;\n  display:block;\n}\n#uc_post_blocks_elementor_799dfaf .ue_post_blocks_link a\n{\n  display:inline-block;\n  text-decoration:none;\n  text-align:center;\n}\n\n\n#uc_post_blocks_elementor_799dfaf .ue-grid-item-meta-data\n{\n  display:inlin-flex;\n  flex-wrap: wrap;\n}\n\n.ue-grid-item-meta-data\n{\n  font-size:12px;\n}\n\n#uc_post_blocks_elementor_799dfaf .ue-grid-item-meta-data-icon\n{\n  line-height:1em;\n}\n\n#uc_post_blocks_elementor_799dfaf .ue-grid-item-meta-data-icon svg\n{\n  width:1em;\n  height:1em;\n}\n\n#uc_post_blocks_elementor_799dfaf .ue_post_blocks_box{\n  display: flex;\n  flex-direction: column;\n}\n#uc_post_blocks_elementor_799dfaf .ue_post_blocks_content{\n display: flex; flex-grow: 1;\n flex-direction: column;\n}\n#uc_post_blocks_elementor_799dfaf .ue_post_blocks_link{ margin-top: auto;\n}\n\n.ue-grid-item-category a\n{\n  display:inline-block;\n  font-size:10px;\n  text-transform:uppercase;\n}\n\n\n\n\n<\/style>\n\n<div id=\"uc_post_blocks_elementor_799dfaf\" class=\"ue_post_blocks uc-items-wrapper \" >\n    <div class=\"ue_post_blocks_box\">\n    <div class=\"ue_post_blocks_content\">\n      \n     \n         \n    <div class=\"ue_post_blocks_title\"><a href=\"https:\/\/fm.univ-chlef.dz\/?p=1987\">Emploi du temps du premier semestre 2025\/2026\u00a0<\/a><\/div>    \n              <div class=\"ue-grid-item-meta-data\">\n            <div class=\"ue-grid-item-meta-data-date\"><span class=\"ue-grid-item-meta-data-icon\"><i class='fas fa-calendar-week'><\/i><\/span> 26 septembre 25<\/div>                    \t  \n    \t<\/div>\n         \n    \n          <\/div>\n<\/div>\n<div class=\"ue_post_blocks_box\">\n    <div class=\"ue_post_blocks_content\">\n      \n     \n         \n    <div class=\"ue_post_blocks_title\"><a href=\"https:\/\/fm.univ-chlef.dz\/?p=1823\">Cours de secourisme 1\u00e8re ann\u00e9e M\u00e9decine<\/a><\/div>    \n              <div class=\"ue-grid-item-meta-data\">\n            <div class=\"ue-grid-item-meta-data-date\"><span class=\"ue-grid-item-meta-data-icon\"><i class='fas fa-calendar-week'><\/i><\/span> 05 janvier 25<\/div>                    \t  \n    \t<\/div>\n         \n    \n          <\/div>\n<\/div>\n\n<\/div>\n<!-- end Post Blocks -->\t\t\t\t<\/div>\n\t\t\t\t<\/div>\n\t\t\t\t\t<\/div>\n\t\t\t\t<\/div>\n\t\t<div class=\"elementor-element elementor-element-c3e4d67 e-flex e-con-boxed e-con e-parent\" data-id=\"c3e4d67\" data-element_type=\"container\">\n\t\t\t\t\t<div class=\"e-con-inner\">\n\t\t\t\t<div class=\"elementor-element elementor-element-d5ea738 elementor-widget elementor-widget-ucaddon_blox_line_text_divider\" data-id=\"d5ea738\" data-element_type=\"widget\" data-widget_type=\"ucaddon_blox_line_text_divider.default\">\n\t\t\t\t<div class=\"elementor-widget-container\">\n\t\t\t\t\t\n<!-- start Line Text Divider -->\n<style>\/* widget: Line Text Divider *\/\n\n#uc_blox_line_text_divider_elementor_d5ea738 div.blox_hr\n{\n  display:inline-block;\n  width:100%;\n  background-color: #007799;\n  height:1px;\n}\n#uc_blox_line_text_divider_elementor_d5ea738 div.blox_hr_txt\n{\n  display: inline-block;\n  position: relative;\n  margin: 0;\n  padding: 5px 10px;\n  border: 1px solid #007799;\n  transform: translateX(-50%);\n  transform: translateY(-50%);\n  color: #007799;\n  text-align: center;\n  background-color: #fff;\n}\n\n<\/style>\n\n<div id=\"uc_blox_line_text_divider_elementor_d5ea738\" style=\"text-align:center;\">\n  <div class=\"blox_hr\"><div class=\"blox_hr_txt\"><span  class=\"uc_style_blox_line_text_divider_elementor_text\" style=\"color:#008888;\">A CONSULTER<\/span><\/div><\/div>\n<\/div>\n<!-- end Line Text Divider -->\t\t\t\t<\/div>\n\t\t\t\t<\/div>\n\t\t\t\t<div class=\"elementor-element elementor-element-250acc6 elementor-widget elementor-widget-ucaddon_logo_grid\" data-id=\"250acc6\" data-element_type=\"widget\" data-widget_type=\"ucaddon_logo_grid.default\">\n\t\t\t\t<div class=\"elementor-widget-container\">\n\t\t\t\t\t\n<!-- start Logo Grid -->\n<style>\/* widget: Logo Grid *\/\n\n#uc_logo_grid_elementor_250acc6 {\n  display: grid;\n}\n#uc_logo_grid_elementor_250acc6 .ue-logo-title\n{\n  width:100%;\n  position:absolute;\n  bottom:0;\n  text-align:center;\n  left:0;\n}\n\n#uc_logo_grid_elementor_250acc6 div.logo-grid-item\n{\ntext-align:center;\ndisplay:flex;\nflex-direction:column;\njustify-content:center;\nalign-items:center;\noverflow:hidden;\n  position:relative;\n  transition:0.3s;\n\n}\n\n#uc_logo_grid_elementor_250acc6 div.logo-grid-item img\n{\nwidth:100%;\n  object-fit: contain;\n  display:block;\n  mix-blend-mode: normal;\n  position:absolute;\n  top:0;\n  left:0;\n  right:0;\n  bottom:0;\n  height:100%;\n  transition:0.3s;\n}\n\n\n\n#uc_logo_grid_elementor_250acc6 a\n{\n  display:block;\n  position:absolute;\n  top:0;\n  left:0;\n  right:0;\n  bottom:0;\n  cursor:pointer;\n  display:flex;\njustify-content:center;\nalign-items:center;\n}\n\n<\/style>\n\n<div id=\"uc_logo_grid_elementor_250acc6\" class=\"ue-logo-grid uc-items-wrapper \" >\n\t\t   <div class=\"logo-grid-item \" >\n   \n\t<a href=\"https:\/\/ceil.univ-chlef.dz\/\"  target='_blank'> \n\t\n  \n    <img loading=\"lazy\" decoding=\"async\" src=\"https:\/\/fm.univ-chlef.dz\/wp-content\/uploads\/2024\/02\/CEIL-300x116-1.jpg\" title=\"Default Title\"  src=\"https:\/\/fm.univ-chlef.dz\/wp-content\/uploads\/2024\/02\/CEIL-300x116-1.jpg\" alt=\"CEIL-300x116-1\" width=\"300\" height=\"116\">\n      \t\n      \n  <\/a>\n  \t\n<\/div>\n<div class=\"logo-grid-item \" >\n   \n\t<a href=\"http:\/\/dspace.univ-chlef.dz\/\"  target='_blank'> \n\t\n  \n    <img loading=\"lazy\" decoding=\"async\" src=\"https:\/\/fm.univ-chlef.dz\/wp-content\/uploads\/2024\/02\/dspace_uhbc.jpg\" title=\"Default Title\"  src=\"https:\/\/fm.univ-chlef.dz\/wp-content\/uploads\/2024\/02\/dspace_uhbc.jpg\" alt=\"dspace_uhbc\" width=\"300\" height=\"110\">\n      \t\n      \n  <\/a>\n  \t\n<\/div>\n<div class=\"logo-grid-item \" >\n   \n\t<a href=\"https:\/\/moodle.univ-chlef.dz\/fr\/\"  target='_blank'> \n\t\n  \n    <img loading=\"lazy\" decoding=\"async\" src=\"https:\/\/fm.univ-chlef.dz\/wp-content\/uploads\/2024\/02\/E-learning_UHBC.jpg\" title=\"Default Title\"  src=\"https:\/\/fm.univ-chlef.dz\/wp-content\/uploads\/2024\/02\/E-learning_UHBC.jpg\" alt=\"E-learning_UHBC\" width=\"300\" height=\"116\">\n      \t\n      \n  <\/a>\n  \t\n<\/div>\n\n    <\/div>\n<!-- end Logo Grid -->\t\t\t\t<\/div>\n\t\t\t\t<\/div>\n\t\t\t\t\t<\/div>\n\t\t\t\t<\/div>\n\t\t\t\t<\/div>\n\t\t","protected":false},"excerpt":{"rendered":"<p>LE MOT DU RESPONSABLE PEDAGOGIQUE DE L\u2019ANNEXE DE MEDECINE LE MOT DU RESPONSABLE PEDAGOGIQUE DE L\u2019ANNEXE DE MEDECINE 04 janvier 25 ACTUALITES Communiqu\u00e9 de la conf\u00e9rence nationale des Doyens 04 janvier 25 \u0628\u064a\u0627\u0646 \u0639\u0645\u062f\u0627\u0621 \u0643\u0644\u064a\u0627\u062a \u0627\u0644\u0637\u0628 \u0648\u0627\u0644\u0635\u064a\u062f\u0644\u0629 17 d\u00e9cembre 24 Proc\u00e9dure relative \u00e0 l&rsquo;organisation d\u2019une manifestation scientifique 07 d\u00e9cembre 23 Offre de bourse de l\u2019universit\u00e9 [&hellip;]<\/p>\n","protected":false},"author":4,"featured_media":0,"parent":0,"menu_order":0,"comment_status":"closed","ping_status":"closed","template":"elementor_header_footer","meta":{"site-sidebar-layout":"default","site-content-layout":"","ast-site-content-layout":"default","site-content-style":"default","site-sidebar-style":"default","ast-global-header-display":"","ast-banner-title-visibility":"","ast-main-header-display":"","ast-hfb-above-header-display":"","ast-hfb-below-header-display":"","ast-hfb-mobile-header-display":"","site-post-title":"","ast-breadcrumbs-content":"","ast-featured-img":"","footer-sml-layout":"","ast-disable-related-posts":"","theme-transparent-header-meta":"","adv-header-id-meta":"","stick-header-meta":"","header-above-stick-meta":"","header-main-stick-meta":"","header-below-stick-meta":"","astra-migrate-meta-layouts":"default","ast-page-background-enabled":"default","ast-page-background-meta":{"desktop":{"background-color":"var(--ast-global-color-4)","background-image":"","background-repeat":"repeat","background-position":"center center","background-size":"auto","background-attachment":"scroll","background-type":"","background-media":"","overlay-type":"","overlay-color":"","overlay-opacity":"","overlay-gradient":""},"tablet":{"background-color":"","background-image":"","background-repeat":"repeat","background-position":"center center","background-size":"auto","background-attachment":"scroll","background-type":"","background-media":"","overlay-type":"","overlay-color":"","overlay-opacity":"","overlay-gradient":""},"mobile":{"background-color":"","background-image":"","background-repeat":"repeat","background-position":"center center","background-size":"auto","background-attachment":"scroll","background-type":"","background-media":"","overlay-type":"","overlay-color":"","overlay-opacity":"","overlay-gradient":""}},"ast-content-background-meta":{"desktop":{"background-color":"var(--ast-global-color-5)","background-image":"","background-repeat":"repeat","background-position":"center center","background-size":"auto","background-attachment":"scroll","background-type":"","background-media":"","overlay-type":"","overlay-color":"","overlay-opacity":"","overlay-gradient":""},"tablet":{"background-color":"var(--ast-global-color-5)","background-image":"","background-repeat":"repeat","background-position":"center center","background-size":"auto","background-attachment":"scroll","background-type":"","background-media":"","overlay-type":"","overlay-color":"","overlay-opacity":"","overlay-gradient":""},"mobile":{"background-color":"var(--ast-global-color-5)","background-image":"","background-repeat":"repeat","background-position":"center center","background-size":"auto","background-attachment":"scroll","background-type":"","background-media":"","overlay-type":"","overlay-color":"","overlay-opacity":"","overlay-gradient":""}},"footnotes":""},"class_list":["post-1424","page","type-page","status-publish","hentry"],"_links":{"self":[{"href":"https:\/\/fm.univ-chlef.dz\/index.php?rest_route=\/wp\/v2\/pages\/1424","targetHints":{"allow":["GET"]}}],"collection":[{"href":"https:\/\/fm.univ-chlef.dz\/index.php?rest_route=\/wp\/v2\/pages"}],"about":[{"href":"https:\/\/fm.univ-chlef.dz\/index.php?rest_route=\/wp\/v2\/types\/page"}],"author":[{"embeddable":true,"href":"https:\/\/fm.univ-chlef.dz\/index.php?rest_route=\/wp\/v2\/users\/4"}],"replies":[{"embeddable":true,"href":"https:\/\/fm.univ-chlef.dz\/index.php?rest_route=%2Fwp%2Fv2%2Fcomments&post=1424"}],"version-history":[{"count":31,"href":"https:\/\/fm.univ-chlef.dz\/index.php?rest_route=\/wp\/v2\/pages\/1424\/revisions"}],"predecessor-version":[{"id":1879,"href":"https:\/\/fm.univ-chlef.dz\/index.php?rest_route=\/wp\/v2\/pages\/1424\/revisions\/1879"}],"wp:attachment":[{"href":"https:\/\/fm.univ-chlef.dz\/index.php?rest_route=%2Fwp%2Fv2%2Fmedia&parent=1424"}],"curies":[{"name":"wp","href":"https:\/\/api.w.org\/{rel}","templated":true}]}}