{"id":352,"date":"2023-12-18T13:44:52","date_gmt":"2023-12-18T10:44:52","guid":{"rendered":"https:\/\/www.univ-chlef.dz\/fm\/?page_id=352"},"modified":"2024-02-01T09:07:06","modified_gmt":"2024-02-01T09:07:06","slug":"activites-etudiantines-2","status":"publish","type":"page","link":"https:\/\/fm.univ-chlef.dz\/?page_id=352","title":{"rendered":"ACTIVITES ETUDIANTINES"},"content":{"rendered":"\t\t<div data-elementor-type=\"wp-page\" data-elementor-id=\"352\" class=\"elementor elementor-352\">\n\t\t\t\t<div class=\"elementor-element elementor-element-72ac84fc e-flex e-con-boxed e-con e-parent\" data-id=\"72ac84fc\" data-element_type=\"container\">\n\t\t\t\t\t<div class=\"e-con-inner\">\n\t\t<div class=\"elementor-element elementor-element-753e9be0 e-con-full e-flex e-con e-child\" data-id=\"753e9be0\" data-element_type=\"container\" data-settings=\"{&quot;background_background&quot;:&quot;classic&quot;}\">\n\t\t\t\t<div class=\"elementor-element elementor-element-44e3e3bf elementor-widget elementor-widget-ucaddon_simple_list_menu\" data-id=\"44e3e3bf\" data-element_type=\"widget\" data-widget_type=\"ucaddon_simple_list_menu.default\">\n\t\t\t\t<div class=\"elementor-widget-container\">\n\t\t\t\t\t\n<!-- start List Menu -->\n\t\t<link id='font-awesome-css' href='https:\/\/fm.univ-chlef.dz\/wp-content\/plugins\/unlimited-elements-for-elementor\/assets_libraries\/font-awesome6\/fontawesome-all.min.css' type='text\/css' rel='stylesheet' >\n\t\t<link id='font-awesome-4-shim-css' href='https:\/\/fm.univ-chlef.dz\/wp-content\/plugins\/unlimited-elements-for-elementor\/assets_libraries\/font-awesome6\/fontawesome-v4-shims.min.css' type='text\/css' rel='stylesheet' >\n\n<style>\/* widget: List Menu *\/\n\n#uc_simple_list_menu_elementor_44e3e3bf\n{\n  text-align:left;\n}\n#uc_simple_list_menu_elementor_44e3e3bf ul\n{\n  padding:0;\n  list-style:none;\n  margin:0;\n}\n\n#uc_simple_list_menu_elementor_44e3e3bf ul li\n{\n  padding:0;\n  list-style:none;\n  margin:0;\n}\n\n#uc_simple_list_menu_elementor_44e3e3bf ul li.current_page_item\n{\n  background-color:;\n}\n\n#uc_simple_list_menu_elementor_44e3e3bf ul ul li.current_page_item\n{\n  background-color:#f2f2f2;\n}\n\n#uc_simple_list_menu_elementor_44e3e3bf ul ul ul li.current_page_item\n{\n  background-color:#e6e6e6;\n}\n\n#uc_simple_list_menu_elementor_44e3e3bf ul li:last-child\n{\n  border-bottom:none;\n}\n\n#uc_simple_list_menu_elementor_44e3e3bf ul li a\n{\n  text-decoration:none;\n  display:block;\n}\n\n\n\n<\/style>\n\n<div id=\"uc_simple_list_menu_elementor_44e3e3bf\" class=\"simple_list_menu\">\n<div class=\"ue_simple_list_menu_title\"><\/div><ul id=\"menu-menu-actualite\" class=\"uc-list-menu\"><li id=\"menu-item-1435\" class=\"menu-item menu-item-type-post_type menu-item-object-page menu-item-1435\"><a href=\"https:\/\/fm.univ-chlef.dz\/?page_id=123\" class=\"menu-link\">ANNONCES<\/a><\/li>\n<li id=\"menu-item-1444\" class=\"menu-item menu-item-type-post_type menu-item-object-page menu-item-1444\"><a href=\"https:\/\/fm.univ-chlef.dz\/?page_id=347\" class=\"menu-link\">BOURSES UNIVERSITAIRES<\/a><\/li>\n<li id=\"menu-item-1443\" class=\"menu-item menu-item-type-post_type menu-item-object-page menu-item-1443\"><a href=\"https:\/\/fm.univ-chlef.dz\/?page_id=352\" class=\"menu-link\">ACTIVITES ETUDIANTINES<\/a><\/li>\n<li id=\"menu-item-1445\" class=\"menu-item menu-item-type-post_type menu-item-object-page menu-item-1445\"><a href=\"https:\/\/fm.univ-chlef.dz\/?page_id=357\" class=\"menu-link\">EVENEMENTS<\/a><\/li>\n<\/ul>\n<\/div>\n<!-- end List Menu -->\t\t\t\t<\/div>\n\t\t\t\t<\/div>\n\t\t\t\t<\/div>\n\t\t<div class=\"elementor-element elementor-element-7cf3c998 e-con-full e-flex e-con e-child\" data-id=\"7cf3c998\" data-element_type=\"container\">\n\t\t\t\t<div class=\"elementor-element elementor-element-3f9d518e elementor-widget elementor-widget-ucaddon_post_list\" data-id=\"3f9d518e\" data-element_type=\"widget\" data-widget_type=\"ucaddon_post_list.default\">\n\t\t\t\t<div class=\"elementor-widget-container\">\n\t\t\t\t\t\n<!-- start Post List -->\n\n<style>\/* widget: Post List *\/\n\n\n\n#uc_post_list_elementor_3f9d518e\n{\n  display:grid;\n}\n\n\n#uc_post_list_elementor_3f9d518e .uc_post_list_image div\n{\n  background-size:cover;\n  background-position:center;\n}\n\n\n.uc_post_list .uc_post_list_box{\n\tposition: relative;\n\toverflow: hidden;\n\tdisplay: flex;\n}\n\n#uc_post_list_elementor_3f9d518e .uc_post_list_image\n{\n  flex-grow:0;\n  flex-shrink:0;\n  overflow: hidden;\n}\n\n#uc_post_list_elementor_3f9d518e .uc_post_list_image img\n{\n  width:100%;\n  height:100%;\n  display:block;\n  transition:0.3s;\n  \n}\n\n\n.uc_post_list_title a{\n\tcolor: #333333;\n    display: block;\n}\n.uc_post_list_date{\n\tfont-size: 12px;\n}\n\n#uc_post_list_elementor_3f9d518e .uc_post_list_content\n{\n  display:flex;\n  flex-direction:column;\n  flex:1;\n}\n\n#uc_post_list_elementor_3f9d518e .uc_more_btn{\n\n  text-align:center;\n  text-decoration:none;\n  transition:0.3s;\n}\n\n#uc_post_list_elementor_3f9d518e .button-on-side\n{\n  display:flex;\n  align-items:center;\n}\n\n\n.ue-grid-item-category a\n{\n  display:inline-block;\n  font-size:10px;\n  text-transform:uppercase;\n}\n\n#uc_post_list_elementor_3f9d518e .ue-meta-data\n{\n  \n  display:flex;\n\n  flex-wrap: wrap;\n  line-height:1em;\n}\n\n#uc_post_list_elementor_3f9d518e .ue-grid-item-meta-data\n{\n      display:inline-flex;\n      align-items:center;\n}\n\n.ue-grid-item-meta-data\n{\n  font-size:12px;\n}\n\n#uc_post_list_elementor_3f9d518e .ue-grid-item-meta-data-icon\n{\n  line-height:1em;\n}\n\n#uc_post_list_elementor_3f9d518e .ue-grid-item-meta-data-icon svg\n{\n  width:1em;\n  height:1em;\n}\n\n\n\n#uc_post_list_elementor_3f9d518e .ue-debug-meta\n{\n  padding:10px;\n  border:1px solid red;\n  position:relative;\n  line-height:1.5em;\n  font-size:11px;\n  width:100%;\n}\n\n.uc-remote-parent .uc_post_list_box{\n\tcursor:pointer;\n}\n\n#uc_post_list_elementor_3f9d518e .ue-post-link-overlay\n{\n  display:block;\n  position:absolute;\n  top:0;\n  bottom:0;\n  right:0;\n  left:0;\n}\n\n  #uc_post_list_elementor_3f9d518e .ue_tags_terms{\n    display: flex;\n  }\n\n\n<\/style>\n\n<div class=\"uc_post_list uc-items-wrapper uc-filterable-grid \" id=\"uc_post_list_elementor_3f9d518e\"  data-ajax='true'  data-filterbehave='ajax'  querydata='{&quot;count_posts&quot;:6,&quot;total_posts&quot;:6,&quot;page&quot;:1,&quot;num_pages&quot;:1}' >    \t\n  <div class=\"uc_post_list_box\" data-category=\"ACTIVITE\">\n\n  \n  \t\t\n  \n    <div class=\"uc_post_list_content\">\n      <div class=\"uc_post_list_content_inside\">\n        \n                  <div class=\"ue_tags_terms\"><\/div>     \n        <div class=\"uc_post_list_title\"><a target=\"_self\" href=\"https:\/\/fm.univ-chlef.dz\/?p=2037\" title=\"\u0623\u0643\u062a\u0648\u0628\u0631 \u0627\u0644\u0648\u0631\u062f\u064a - \u0627\u0644\u0634\u0647\u0631 \u0627\u0644\u0639\u0627\u0644\u0645\u064a \u0644\u0644\u062a\u0648\u0639\u064a\u0629 \u062d\u0648\u0644 \u0633\u0631\u0637\u0627\u0646 \u0627\u0644\u062b\u062f\u064a\">\u0623\u0643\u062a\u0648\u0628\u0631 \u0627\u0644\u0648\u0631\u062f\u064a - \u0627\u0644\u0634\u0647\u0631 \u0627\u0644\u0639\u0627\u0644\u0645\u064a \u0644\u0644\u062a\u0648\u0639\u064a\u0629 \u062d\u0648\u0644 \u0633\u0631\u0637\u0627\u0646 \u0627\u0644\u062b\u062f\u064a<\/a><\/div>                 \n        <div class=\"ue-meta-data\">\n            <div class=\"ue-grid-item-meta-data\"><span class=\"ue-grid-item-meta-data-icon\"><i class='fas fa-calendar-week'><\/i><\/span>  octobre 20, 2025<\/div>                                   \n            \n          \n                        \n            \n                        \n                        \n            \n              \n          <\/div>         \n                \n                    \n        \n                 \n      <\/div>\n    <\/div>\n     \n       \n  \n   <\/div>\n<div class=\"uc_post_list_box\" data-category=\"ACTIVITE\">\n\n  \n  \t\t\n  \n    <div class=\"uc_post_list_content\">\n      <div class=\"uc_post_list_content_inside\">\n        \n                  <div class=\"ue_tags_terms\"><\/div>     \n        <div class=\"uc_post_list_title\"><a target=\"_self\" href=\"https:\/\/fm.univ-chlef.dz\/?p=2030\" title=\"\u0627\u0644\u0637\u0628\u0639\u0629 \u0627\u0644\u062b\u0627\u0646\u064a\u0629 \u0644\u0644\u0645\u0633\u0627\u0628\u0642\u0629 \u0627\u0644\u0648\u0637\u0646\u064a\u0629 \u0627\u0644\u062c\u0627\u0645\u0639\u064a\u0629\u00a0 \u0644\u0635\u0646\u0627\u0639\u0629 \u0627\u0644\u0645\u062d\u062a\u0648\u0649 \u0627\u0644\u0627\u064a\u062c\u0627\u0628\u064a\">\u0627\u0644\u0637\u0628\u0639\u0629 \u0627\u0644\u062b\u0627\u0646\u064a\u0629 \u0644\u0644\u0645\u0633\u0627\u0628\u0642\u0629 \u0627\u0644\u0648\u0637\u0646\u064a\u0629 \u0627\u0644\u062c\u0627\u0645\u0639\u064a\u0629\u00a0 \u0644\u0635\u0646\u0627\u0639\u0629 \u0627\u0644\u0645\u062d\u062a\u0648\u0649 \u0627\u0644\u0627\u064a\u062c\u0627\u0628\u064a<\/a><\/div>                 \n        <div class=\"ue-meta-data\">\n            <div class=\"ue-grid-item-meta-data\"><span class=\"ue-grid-item-meta-data-icon\"><i class='fas fa-calendar-week'><\/i><\/span>  octobre 19, 2025<\/div>                                   \n            \n          \n                        \n            \n                        \n                        \n            \n              \n          <\/div>         \n                \n                    \n        \n                 \n      <\/div>\n    <\/div>\n     \n       \n  \n   <\/div>\n<div class=\"uc_post_list_box\" data-category=\"ACTIVITE\">\n\n  \n  \t\t\n  \n    <div class=\"uc_post_list_content\">\n      <div class=\"uc_post_list_content_inside\">\n        \n                  <div class=\"ue_tags_terms\"><\/div>     \n        <div class=\"uc_post_list_title\"><a target=\"_self\" href=\"https:\/\/fm.univ-chlef.dz\/?p=2021\" title=\"\u0627\u0644\u0637\u0628\u0639\u0629 \u0627\u0644\u0633\u0627\u0628\u0639\u0629 \u0644\u0644\u0645\u0633\u0627\u0628\u0642\u0629 \u0627\u0644\u0648\u0637\u0646\u064a\u0629 \u0627\u0644\u062c\u0627\u0645\u0639\u064a\u0629 \u062d\u0648\u0644 \u0627\u0644\u062a\u0646\u0634\u064a\u0637 \u0639\u0644\u0649 \u0627\u0644\u0631\u0643\u062d\">\u0627\u0644\u0637\u0628\u0639\u0629 \u0627\u0644\u0633\u0627\u0628\u0639\u0629 \u0644\u0644\u0645\u0633\u0627\u0628\u0642\u0629 \u0627\u0644\u0648\u0637\u0646\u064a\u0629 \u0627\u0644\u062c\u0627\u0645\u0639\u064a\u0629 \u062d\u0648\u0644 \u0627\u0644\u062a\u0646\u0634\u064a\u0637 \u0639\u0644\u0649 \u0627\u0644\u0631\u0643\u062d<\/a><\/div>                 \n        <div class=\"ue-meta-data\">\n            <div class=\"ue-grid-item-meta-data\"><span class=\"ue-grid-item-meta-data-icon\"><i class='fas fa-calendar-week'><\/i><\/span>  octobre 19, 2025<\/div>                                   \n            \n          \n                        \n            \n                        \n                        \n            \n              \n          <\/div>         \n                \n                    \n        \n                 \n      <\/div>\n    <\/div>\n     \n       \n  \n   <\/div>\n<div class=\"uc_post_list_box\" data-category=\"ACTIVITE\">\n\n  \n  \t\t\n  \n    <div class=\"uc_post_list_content\">\n      <div class=\"uc_post_list_content_inside\">\n        \n                  <div class=\"ue_tags_terms\"><\/div>     \n        <div class=\"uc_post_list_title\"><a target=\"_self\" href=\"https:\/\/fm.univ-chlef.dz\/?p=1987\" title=\"Emploi du temps du premier semestre 2025\/2026\u00a0\">Emploi du temps du premier semestre 2025\/2026\u00a0<\/a><\/div>                 \n        <div class=\"ue-meta-data\">\n            <div class=\"ue-grid-item-meta-data\"><span class=\"ue-grid-item-meta-data-icon\"><i class='fas fa-calendar-week'><\/i><\/span>  septembre 26, 2025<\/div>                                   \n            \n          \n                        \n            \n                        \n                        \n            \n              \n          <\/div>         \n                \n                    \n        \n                 \n      <\/div>\n    <\/div>\n     \n       \n  \n   <\/div>\n<div class=\"uc_post_list_box\" data-category=\"ACTIVITE\">\n\n  \n  \t\t\n  \n    <div class=\"uc_post_list_content\">\n      <div class=\"uc_post_list_content_inside\">\n        \n                  <div class=\"ue_tags_terms\"><\/div>     \n        <div class=\"uc_post_list_title\"><a target=\"_self\" href=\"https:\/\/fm.univ-chlef.dz\/?p=613\" title=\"Concours national sur le d\u00e9bat universitaire\">Concours national sur le d\u00e9bat universitaire<\/a><\/div>                 \n        <div class=\"ue-meta-data\">\n            <div class=\"ue-grid-item-meta-data\"><span class=\"ue-grid-item-meta-data-icon\"><i class='fas fa-calendar-week'><\/i><\/span>  novembre 20, 2023<\/div>                                   \n            \n          \n                        \n            \n                        \n                        \n            \n              \n          <\/div>         \n                \n                    \n        \n                 \n      <\/div>\n    <\/div>\n     \n       \n  \n   <\/div>\n<div class=\"uc_post_list_box\" data-category=\"ACTIVITE\">\n\n  \n  \t\t\n  \n    <div class=\"uc_post_list_content\">\n      <div class=\"uc_post_list_content_inside\">\n        \n                  <div class=\"ue_tags_terms\"><\/div>     \n        <div class=\"uc_post_list_title\"><a target=\"_self\" href=\"https:\/\/fm.univ-chlef.dz\/?p=607\" title=\"S\u00e9lection locale des \u00e9tudiants athl\u00e8tes repr\u00e9sentant les \u00e9quipes de la ville universitaire de la wilaya de Chlef\">S\u00e9lection locale des \u00e9tudiants athl\u00e8tes repr\u00e9sentant les \u00e9quipes de la ville universitaire de la wilaya de Chlef<\/a><\/div>                 \n        <div class=\"ue-meta-data\">\n            <div class=\"ue-grid-item-meta-data\"><span class=\"ue-grid-item-meta-data-icon\"><i class='fas fa-calendar-week'><\/i><\/span>  novembre 7, 2023<\/div>                                   \n            \n          \n                        \n            \n                        \n                        \n            \n              \n          <\/div>         \n                \n                    \n        \n                 \n      <\/div>\n    <\/div>\n     \n       \n  \n   <\/div>\n\n<\/div>\n\n\n  <div id=\"uc_post_list_elementor_3f9d518e_empty_message\" class=\"ue-no-posts-found\"  style=\"display:none\" >AUCUNE ACTIVITE EN COURS<\/div>\n\n\n<!-- end Post List -->\t\t\t\t<\/div>\n\t\t\t\t<\/div>\n\t\t\t\t<div class=\"elementor-element elementor-element-3f8cba87 elementor-widget elementor-widget-ucaddon_archive_pagination\" data-id=\"3f8cba87\" data-element_type=\"widget\" data-widget_type=\"ucaddon_archive_pagination.default\">\n\t\t\t\t<div class=\"elementor-widget-container\">\n\t\t\t\t\t\n<!-- start Post Pagination -->\n\n<style>\/* widget: Post Pagination *\/\n\n#uc_archive_pagination_elementor_3f8cba87 nav\n{\n  padding:0px;\n  margin:0px;\n}\n\n#uc_archive_pagination_elementor_3f8cba87 \n{\n  display:flex;\n  flex-wrap: wrap;\n  justify-content:center;\n}\n\n#uc_archive_pagination_elementor_3f8cba87 .nav-links\n{\n  display:flex;\n  justify-content:center;\n}\n\n#uc_archive_pagination_elementor_3f8cba87 .nav-links > *\n{\n}\n\n#uc_archive_pagination_elementor_3f8cba87 .page-numbers\n{\n  display:flex;\n  \n  align-items:center;\n  justify-content:center;\n  transition:0.3s;\n  line-height:1em;\n}\n\n\n#uc_archive_pagination_elementor_3f8cba87 a.page-numbers, #uc_archive_pagination_elementor_3f8cba87 .dots\n{\n  color:#333333;\n  background-color:;\n}\n\n#uc_archive_pagination_elementor_3f8cba87 a.page-numbers:hover\n{\n  color:#E4E4E4;\n  background-color:#008888;\n}\n\n#uc_archive_pagination_elementor_3f8cba87 .page-numbers.current,\n#uc_archive_pagination_elementor_3f8cba87 .page-numbers.current:hover\n{\n  background-color:#008888;\n  color:#ffffff;\n}\n\n\n#uc_archive_pagination_elementor_3f8cba87 .page-numbers.prev, #uc_archive_pagination_elementor_3f8cba87 .page-numbers.next\n{\n  padding-left:15px;\n  padding-right:15px;\n}\n\n\n\n#uc_archive_pagination_elementor_3f8cba87 .prev:before {\n   font-family: \"Font Awesome 5 Free\";\n   content: \"\\f053\";\n   display: inline-block;\n   vertical-align: middle;\n   font-weight: 900;\n   padding-right:10px;}\n\n#uc_archive_pagination_elementor_3f8cba87 .next:after {\n   font-family: \"Font Awesome 5 Free\";\n   content: \"\\f054\";\n   display: inline-block;\n   vertical-align: middle;\n   font-weight: 900;\n   padding-left:10px;}\n\n#uc_archive_pagination_elementor_3f8cba87.uc-ajax-loading{\n\topacity:1 !important;\n}\n\n#uc_archive_pagination_elementor_3f8cba87.uc-ajax-loading .current{\n\tposition:relative;\n    overflow:hidden;\n}\n\n\n#uc_archive_pagination_elementor_3f8cba87.uc-ajax-loading .current:before{\n  content: \"\";\n  display:block;\n  width:100%;\n  height:100%;\n  box-sizing:border-box;\n  position:absolute;\n  top:0px;\n  left:0px;\n  background-color: #c2c2c2;\n  animation: uc-spinning-border 0.5s linear infinite;\n  opacity:50%;\n  border-radius:inherit;\n}\n\n@keyframes uc-spinning-border {\n\t0%{transform: scale(0);}\n\t100%{transform: scale(1); }\t\n}\n\n\n\n<\/style>\n\n<div id=\"uc_archive_pagination_elementor_3f8cba87\" class=\"archive_pagination uc-filter-pagination\">\n\n<\/div>\n<!-- end Post Pagination -->\t\t\t\t<\/div>\n\t\t\t\t<\/div>\n\t\t\t\t<\/div>\n\t\t\t\t\t<\/div>\n\t\t\t\t<\/div>\n\t\t\t\t<\/div>\n\t\t","protected":false},"excerpt":{"rendered":"<p>ANNONCES MARCHES PUBLICS BOURSES UNIVERSITAIRES ACTIVITES ETUDIANTINES EVENEMENTS Concours national sur le d\u00e9bat universitaire November 20, 2023 S\u00e9lection locale des \u00e9tudiants athl\u00e8tes repr\u00e9sentant les \u00e9quipes de la ville universitaire de la wilaya de Chlef November 7, 2023 AUCUNE ACTIVITE EN COURS Previous 1 2 3 4 5 Next<\/p>\n","protected":false},"author":4,"featured_media":0,"parent":0,"menu_order":0,"comment_status":"closed","ping_status":"closed","template":"elementor_header_footer","meta":{"site-sidebar-layout":"default","site-content-layout":"","ast-site-content-layout":"default","site-content-style":"default","site-sidebar-style":"default","ast-global-header-display":"","ast-banner-title-visibility":"","ast-main-header-display":"","ast-hfb-above-header-display":"","ast-hfb-below-header-display":"","ast-hfb-mobile-header-display":"","site-post-title":"","ast-breadcrumbs-content":"","ast-featured-img":"","footer-sml-layout":"","ast-disable-related-posts":"","theme-transparent-header-meta":"","adv-header-id-meta":"","stick-header-meta":"","header-above-stick-meta":"","header-main-stick-meta":"","header-below-stick-meta":"","astra-migrate-meta-layouts":"default","ast-page-background-enabled":"default","ast-page-background-meta":{"desktop":{"background-color":"var(--ast-global-color-4)","background-image":"","background-repeat":"repeat","background-position":"center center","background-size":"auto","background-attachment":"scroll","background-type":"","background-media":"","overlay-type":"","overlay-color":"","overlay-opacity":"","overlay-gradient":""},"tablet":{"background-color":"","background-image":"","background-repeat":"repeat","background-position":"center center","background-size":"auto","background-attachment":"scroll","background-type":"","background-media":"","overlay-type":"","overlay-color":"","overlay-opacity":"","overlay-gradient":""},"mobile":{"background-color":"","background-image":"","background-repeat":"repeat","background-position":"center center","background-size":"auto","background-attachment":"scroll","background-type":"","background-media":"","overlay-type":"","overlay-color":"","overlay-opacity":"","overlay-gradient":""}},"ast-content-background-meta":{"desktop":{"background-color":"var(--ast-global-color-5)","background-image":"","background-repeat":"repeat","background-position":"center center","background-size":"auto","background-attachment":"scroll","background-type":"","background-media":"","overlay-type":"","overlay-color":"","overlay-opacity":"","overlay-gradient":""},"tablet":{"background-color":"var(--ast-global-color-5)","background-image":"","background-repeat":"repeat","background-position":"center center","background-size":"auto","background-attachment":"scroll","background-type":"","background-media":"","overlay-type":"","overlay-color":"","overlay-opacity":"","overlay-gradient":""},"mobile":{"background-color":"var(--ast-global-color-5)","background-image":"","background-repeat":"repeat","background-position":"center center","background-size":"auto","background-attachment":"scroll","background-type":"","background-media":"","overlay-type":"","overlay-color":"","overlay-opacity":"","overlay-gradient":""}},"footnotes":""},"class_list":["post-352","page","type-page","status-publish","hentry"],"_links":{"self":[{"href":"https:\/\/fm.univ-chlef.dz\/index.php?rest_route=\/wp\/v2\/pages\/352","targetHints":{"allow":["GET"]}}],"collection":[{"href":"https:\/\/fm.univ-chlef.dz\/index.php?rest_route=\/wp\/v2\/pages"}],"about":[{"href":"https:\/\/fm.univ-chlef.dz\/index.php?rest_route=\/wp\/v2\/types\/page"}],"author":[{"embeddable":true,"href":"https:\/\/fm.univ-chlef.dz\/index.php?rest_route=\/wp\/v2\/users\/4"}],"replies":[{"embeddable":true,"href":"https:\/\/fm.univ-chlef.dz\/index.php?rest_route=%2Fwp%2Fv2%2Fcomments&post=352"}],"version-history":[{"count":3,"href":"https:\/\/fm.univ-chlef.dz\/index.php?rest_route=\/wp\/v2\/pages\/352\/revisions"}],"predecessor-version":[{"id":1535,"href":"https:\/\/fm.univ-chlef.dz\/index.php?rest_route=\/wp\/v2\/pages\/352\/revisions\/1535"}],"wp:attachment":[{"href":"https:\/\/fm.univ-chlef.dz\/index.php?rest_route=%2Fwp%2Fv2%2Fmedia&parent=352"}],"curies":[{"name":"wp","href":"https:\/\/api.w.org\/{rel}","templated":true}]}}